{"id":1626,"date":"2025-03-30T16:57:07","date_gmt":"2025-03-30T19:57:07","guid":{"rendered":"https:\/\/alistadesaofrancisco.com.br\/site1\/?page_id=1626"},"modified":"2025-03-31T12:43:21","modified_gmt":"2025-03-31T15:43:21","slug":"denuncias","status":"publish","type":"page","link":"https:\/\/alistadesaofrancisco.com.br\/site1\/denuncias\/","title":{"rendered":"Den\u00fancias"},"content":{"rendered":"\t\t<div data-elementor-type=\"wp-page\" data-elementor-id=\"1626\" class=\"elementor elementor-1626\">\n\t\t\t\t<div class=\"elementor-element elementor-element-66dfa62 e-flex e-con-boxed e-con e-parent\" data-id=\"66dfa62\" data-element_type=\"container\">\n\t\t\t\t\t<div class=\"e-con-inner\">\n\t\t<div class=\"elementor-element elementor-element-11b1834 e-con-full e-flex e-con e-child\" data-id=\"11b1834\" data-element_type=\"container\">\n\t\t\t\t<div class=\"elementor-element elementor-element-213a8e6 elementor-widget elementor-widget-heading\" data-id=\"213a8e6\" data-element_type=\"widget\" data-widget_type=\"heading.default\">\n\t\t\t\t<div class=\"elementor-widget-container\">\n\t\t\t\t\t<h2 class=\"elementor-heading-title elementor-size-default\">Den\u00fancias de abandono e maus tratos.<\/h2>\t\t\t\t<\/div>\n\t\t\t\t<\/div>\n\t\t\t\t<div class=\"elementor-element elementor-element-01bf1f6 elementor-widget elementor-widget-text-editor\" data-id=\"01bf1f6\" data-element_type=\"widget\" data-widget_type=\"text-editor.default\">\n\t\t\t\t<div class=\"elementor-widget-container\">\n\t\t\t\t\t\t\t\t\t<p>In at iaculis lorem praesent tempor dictum tellus ut molestie faucibus pretium.<\/p>\t\t\t\t\t\t\t\t<\/div>\n\t\t\t\t<\/div>\n\t\t\t\t<\/div>\n\t\t<div class=\"elementor-element elementor-element-b330bc8 e-con-full e-flex e-con e-child\" data-id=\"b330bc8\" data-element_type=\"container\" data-settings=\"{&quot;background_background&quot;:&quot;classic&quot;}\">\n\t\t\t\t<\/div>\n\t\t\t\t\t<\/div>\n\t\t\t\t<\/div>\n\t\t<div class=\"elementor-element elementor-element-a9e272a e-flex e-con-boxed e-con e-parent\" data-id=\"a9e272a\" data-element_type=\"container\">\n\t\t\t\t\t<div class=\"e-con-inner\">\n\t\t<div class=\"elementor-element elementor-element-bcfff85 e-con-full e-flex e-con e-child\" data-id=\"bcfff85\" data-element_type=\"container\" data-settings=\"{&quot;background_background&quot;:&quot;classic&quot;}\">\n\t\t<div class=\"elementor-element elementor-element-1466920 e-flex e-con-boxed e-con e-child\" data-id=\"1466920\" data-element_type=\"container\">\n\t\t\t\t\t<div class=\"e-con-inner\">\n\t\t\t\t<div class=\"elementor-element elementor-element-7571374 elementor-position-left elementor-mobile-position-left elementor-view-default elementor-vertical-align-top elementor-widget elementor-widget-icon-box\" data-id=\"7571374\" data-element_type=\"widget\" data-widget_type=\"icon-box.default\">\n\t\t\t\t<div class=\"elementor-widget-container\">\n\t\t\t\t\t\t\t<div class=\"elementor-icon-box-wrapper\">\n\n\t\t\t\t\t\t<div class=\"elementor-icon-box-icon\">\n\t\t\t\t<span  class=\"elementor-icon\">\n\t\t\t\t<svg aria-hidden=\"true\" class=\"e-font-icon-svg e-fas-phone\" viewBox=\"0 0 512 512\" xmlns=\"http:\/\/www.w3.org\/2000\/svg\"><path d=\"M493.4 24.6l-104-24c-11.3-2.6-22.9 3.3-27.5 13.9l-48 112c-4.2 9.8-1.4 21.3 6.9 28l60.6 49.6c-36 76.7-98.9 140.5-177.2 177.2l-49.6-60.6c-6.8-8.3-18.2-11.1-28-6.9l-112 48C3.9 366.5-2 378.1.6 389.4l24 104C27.1 504.2 36.7 512 48 512c256.1 0 464-207.5 464-464 0-11.2-7.7-20.9-18.6-23.4z\"><\/path><\/svg>\t\t\t\t<\/span>\n\t\t\t<\/div>\n\t\t\t\n\t\t\t\t\t\t<div class=\"elementor-icon-box-content\">\n\n\t\t\t\t\t\t\t\t\t<h4 class=\"elementor-icon-box-title\">\n\t\t\t\t\t\t<span  >\n\t\t\t\t\t\t\tTelefone\t\t\t\t\t\t<\/span>\n\t\t\t\t\t<\/h4>\n\t\t\t\t\n\t\t\t\t\t\t\t\t\t<p class=\"elementor-icon-box-description\">\n\t\t\t\t\t\t55-(11) 93450-0142\t\t\t\t\t<\/p>\n\t\t\t\t\n\t\t\t<\/div>\n\t\t\t\n\t\t<\/div>\n\t\t\t\t\t\t<\/div>\n\t\t\t\t<\/div>\n\t\t\t\t\t<\/div>\n\t\t\t\t<\/div>\n\t\t<div class=\"elementor-element elementor-element-bd93ab5 e-flex e-con-boxed e-con e-child\" data-id=\"bd93ab5\" data-element_type=\"container\">\n\t\t\t\t\t<div class=\"e-con-inner\">\n\t\t\t\t<div class=\"elementor-element elementor-element-71a1c37 elementor-position-left elementor-mobile-position-left elementor-view-default elementor-vertical-align-top elementor-widget elementor-widget-icon-box\" data-id=\"71a1c37\" data-element_type=\"widget\" data-widget_type=\"icon-box.default\">\n\t\t\t\t<div class=\"elementor-widget-container\">\n\t\t\t\t\t\t\t<div class=\"elementor-icon-box-wrapper\">\n\n\t\t\t\t\t\t<div class=\"elementor-icon-box-icon\">\n\t\t\t\t<span  class=\"elementor-icon\">\n\t\t\t\t<svg aria-hidden=\"true\" class=\"e-font-icon-svg e-fas-map-marker-alt\" viewBox=\"0 0 384 512\" xmlns=\"http:\/\/www.w3.org\/2000\/svg\"><path d=\"M172.268 501.67C26.97 291.031 0 269.413 0 192 0 85.961 85.961 0 192 0s192 85.961 192 192c0 77.413-26.97 99.031-172.268 309.67-9.535 13.774-29.93 13.773-39.464 0zM192 272c44.183 0 80-35.817 80-80s-35.817-80-80-80-80 35.817-80 80 35.817 80 80 80z\"><\/path><\/svg>\t\t\t\t<\/span>\n\t\t\t<\/div>\n\t\t\t\n\t\t\t\t\t\t<div class=\"elementor-icon-box-content\">\n\n\t\t\t\t\t\t\t\t\t<h4 class=\"elementor-icon-box-title\">\n\t\t\t\t\t\t<span  >\n\t\t\t\t\t\t\tEndere\u00e7o\t\t\t\t\t\t<\/span>\n\t\t\t\t\t<\/h4>\n\t\t\t\t\n\t\t\t\t\t\t\t\t\t<p class=\"elementor-icon-box-description\">\n\t\t\t\t\t\tEstr. das Flores, 29 <br> Jardim Mirador <br>Vargem Grande Paulista - SP <br> 06730-000\t\t\t\t\t<\/p>\n\t\t\t\t\n\t\t\t<\/div>\n\t\t\t\n\t\t<\/div>\n\t\t\t\t\t\t<\/div>\n\t\t\t\t<\/div>\n\t\t\t\t\t<\/div>\n\t\t\t\t<\/div>\n\t\t<div class=\"elementor-element elementor-element-2acbf28 e-flex e-con-boxed e-con e-child\" data-id=\"2acbf28\" data-element_type=\"container\">\n\t\t\t\t\t<div class=\"e-con-inner\">\n\t\t\t\t<div class=\"elementor-element elementor-element-6808099 elementor-position-left elementor-mobile-position-left elementor-view-default elementor-vertical-align-top elementor-widget elementor-widget-icon-box\" data-id=\"6808099\" data-element_type=\"widget\" data-widget_type=\"icon-box.default\">\n\t\t\t\t<div class=\"elementor-widget-container\">\n\t\t\t\t\t\t\t<div class=\"elementor-icon-box-wrapper\">\n\n\t\t\t\t\t\t<div class=\"elementor-icon-box-icon\">\n\t\t\t\t<span  class=\"elementor-icon\">\n\t\t\t\t<svg aria-hidden=\"true\" class=\"e-font-icon-svg e-fas-clock\" viewBox=\"0 0 512 512\" xmlns=\"http:\/\/www.w3.org\/2000\/svg\"><path d=\"M256,8C119,8,8,119,8,256S119,504,256,504,504,393,504,256,393,8,256,8Zm92.49,313h0l-20,25a16,16,0,0,1-22.49,2.5h0l-67-49.72a40,40,0,0,1-15-31.23V112a16,16,0,0,1,16-16h32a16,16,0,0,1,16,16V256l58,42.5A16,16,0,0,1,348.49,321Z\"><\/path><\/svg>\t\t\t\t<\/span>\n\t\t\t<\/div>\n\t\t\t\n\t\t\t\t\t\t<div class=\"elementor-icon-box-content\">\n\n\t\t\t\t\t\t\t\t\t<h4 class=\"elementor-icon-box-title\">\n\t\t\t\t\t\t<span  >\n\t\t\t\t\t\t\tAtendimento\t\t\t\t\t\t<\/span>\n\t\t\t\t\t<\/h4>\n\t\t\t\t\n\t\t\t\t\t\t\t\t\t<p class=\"elementor-icon-box-description\">\n\t\t\t\t\t\tSegunda a S\u00e1bado<br>9h - 17h<br>\nDomingos - Fechado\t\t\t\t\t<\/p>\n\t\t\t\t\n\t\t\t<\/div>\n\t\t\t\n\t\t<\/div>\n\t\t\t\t\t\t<\/div>\n\t\t\t\t<\/div>\n\t\t\t\t\t<\/div>\n\t\t\t\t<\/div>\n\t\t\t\t<\/div>\n\t\t\t\t\t<\/div>\n\t\t\t\t<\/div>\n\t\t<div class=\"elementor-element elementor-element-978d80e e-grid e-con-boxed e-con e-parent\" data-id=\"978d80e\" data-element_type=\"container\">\n\t\t\t\t\t<div class=\"e-con-inner\">\n\t\t\t\t<div class=\"elementor-element elementor-element-c464f00 elementor-widget elementor-widget-text-editor\" data-id=\"c464f00\" data-element_type=\"widget\" data-widget_type=\"text-editor.default\">\n\t\t\t\t<div class=\"elementor-widget-container\">\n\t\t\t\t\t\t\t\t\t<p><strong>Maus-tratos a animais \u00e9 crime no Brasil, previsto na Lei n\u00ba 9.605\/1998. A pena pode ser de deten\u00e7\u00e3o e multa.<\/strong> <br \/>S\u00e3o considerados maus-tratos:<\/p><p>&#8212; Manter animais em locais anti-higi\u00eanicos ou que impe\u00e7am o descanso<br \/>&#8212; Deixar animais expostos ao sol por longos per\u00edodos ou sem ilumina\u00e7\u00e3o<br \/>&#8212; Obrigar animais a trabalhos excessivos<br \/>&#8212; Ferir ou mutilar animais<br \/>&#8212; N\u00e3o dar assist\u00eancia veterin\u00e1ria<br \/>&#8212; N\u00e3o garantir alimento e \u00e1gua<br \/>&#8212; Abandonar animais<br \/>&#8212; Privar animais de suas necessidades b\u00e1sicas<br \/>&#8212; Abusar sexualmente de animais<br \/>&#8212; Envenenar animais<\/p>\t\t\t\t\t\t\t\t<\/div>\n\t\t\t\t<\/div>\n\t\t\t\t<div class=\"elementor-element elementor-element-b28fe84 elementor-widget elementor-widget-text-editor\" data-id=\"b28fe84\" data-element_type=\"widget\" data-widget_type=\"text-editor.default\">\n\t\t\t\t<div class=\"elementor-widget-container\">\n\t\t\t\t\t\t\t\t\t<p><strong><span role=\"heading\" aria-level=\"2\">Para denunciar maus-tratos a animais, pode:<\/span><span class=\"pjBG2e\" data-cid=\"5e042670-d5e6-45b2-afcf-473bbdc9b73f\"><span class=\"UV3uM\">\u00a0<\/span><\/span><\/strong><\/p><div class=\"WaaZC\">\u00a0<\/div><div class=\"WaaZC\"><div id=\"KrDqZ_fdOf-h1sQPyce0wQE__31\" class=\"bsmXxe\"><div id=\"KrDqZ_fdOf-h1sQPyce0wQE__32\" class=\"bsmXxe\"><ul><li><span data-huuid=\"12564032406882745339\">Ligar para o IBAMA (0800 61 8080) <\/span><\/li><\/ul><\/div><div id=\"KrDqZ_fdOf-h1sQPyce0wQE__34\" class=\"bsmXxe\"><ul><li><span data-huuid=\"12564032406882744421\">Enviar um email para linhaverde.sede@ibama.gov.br <\/span><\/li><\/ul><\/div><div id=\"KrDqZ_fdOf-h1sQPyce0wQE__36\" class=\"bsmXxe\"><ul><li><span data-huuid=\"12564032406882743503\">Ligar para o Disque Ambiente (0800 11 35 60) <\/span><\/li><\/ul><\/div><div id=\"KrDqZ_fdOf-h1sQPyce0wQE__38\" class=\"bsmXxe\"><ul><li><span data-huuid=\"12564032406882742585\">Ligar para o Disque Den\u00fancia (181) <\/span><\/li><\/ul><\/div><div id=\"KrDqZ_fdOf-h1sQPyce0wQE__40\" class=\"bsmXxe\"><ul><li><span data-huuid=\"12564032406882745763\">Ligar para a Pol\u00edcia Militar (190) <\/span><\/li><\/ul><\/div><div id=\"KrDqZ_fdOf-h1sQPyce0wQE__42\" class=\"bsmXxe\"><ul><li><span data-huuid=\"12564032406882744845\">Entrar em contato com a Delegacia Eletr\u00f4nica de Prote\u00e7\u00e3o Animal (DEPA) <\/span><\/li><\/ul><\/div><\/div><\/div><div class=\"WaaZC\"><div id=\"KrDqZ_fdOf-h1sQPyce0wQE__27\" class=\"bsmXxe\"><div class=\"rPeykc\" data-hveid=\"CGoQAQ\" data-ved=\"2ahUKEwj3mu30zLSMAxX_kJUCHckjLRgQo_EKegQIahAB\"><span data-huuid=\"12564032406882743927\">Para ajudar animais em situa\u00e7\u00e3o de vulnerabilidade, pode: <\/span><span data-huuid=\"11694568618114799019\">Apoiar uma ONG ou institui\u00e7\u00e3o que trabalha pelo bem-estar animal, Fazer doa\u00e7\u00f5es, Fazer trabalho volunt\u00e1rio, Divulgar a causa.<span class=\"pjBG2e\" data-cid=\"66d967af-fbc9-4761-adbf-1813c277906d\"><span class=\"UV3uM\">\u00a0<\/span><\/span><\/span><div class=\"NPrrbc\" data-cid=\"66d967af-fbc9-4761-adbf-1813c277906d\" data-uuids=\"12564032406882743927,11694568618114799019\"><div class=\"BMebGe btku5b fCrZyc LwdV0e FR7ZSc OJeuxf\" tabindex=\"0\" role=\"button\" aria-label=\"Mostrar links relacionados\" data-hveid=\"CGkQAQ\" data-ved=\"2ahUKEwj3mu30zLSMAxX_kJUCHckjLRgQ3fYKegQIaRAB\"><div class=\"niO4u\"><div class=\"kHtcsd\">\u00a0<\/div><\/div><\/div><\/div><\/div><\/div><\/div>\t\t\t\t\t\t\t\t<\/div>\n\t\t\t\t<\/div>\n\t\t\t\t\t<\/div>\n\t\t\t\t<\/div>\n\t\t<div class=\"elementor-element elementor-element-e5c0b8c e-flex e-con-boxed e-con e-parent\" data-id=\"e5c0b8c\" data-element_type=\"container\">\n\t\t\t\t\t<div class=\"e-con-inner\">\n\t\t\t\t<div class=\"elementor-element elementor-element-3c5ff75 elementor-widget elementor-widget-text-editor\" data-id=\"3c5ff75\" data-element_type=\"widget\" data-widget_type=\"text-editor.default\">\n\t\t\t\t<div class=\"elementor-widget-container\">\n\t\t\t\t\t\t\t\t\t<p>Se preferir, pode preencher o formul\u00e1rio abaixo que retornaremos o mais breve poss\u00edvel<\/p>\t\t\t\t\t\t\t\t<\/div>\n\t\t\t\t<\/div>\n\t\t\t\t<div class=\"elementor-element elementor-element-1f5f1b2 elementor-widget elementor-widget-heading\" data-id=\"1f5f1b2\" data-element_type=\"widget\" data-widget_type=\"heading.default\">\n\t\t\t\t<div class=\"elementor-widget-container\">\n\t\t\t\t\t<h2 class=\"elementor-heading-title elementor-size-default\">Formul\u00e1rio de Contato<\/h2>\t\t\t\t<\/div>\n\t\t\t\t<\/div>\n\t\t<div class=\"elementor-element elementor-element-6eab116 e-con-full e-flex e-con e-child\" data-id=\"6eab116\" data-element_type=\"container\" data-settings=\"{&quot;background_background&quot;:&quot;classic&quot;}\">\n\t\t\t\t<div class=\"elementor-element elementor-element-bef4e4c elementor-widget elementor-widget-everest-forms\" data-id=\"bef4e4c\" data-element_type=\"widget\" data-widget_type=\"everest-forms.default\">\n\t\t\t\t<div class=\"elementor-widget-container\">\n\t\t\t\t\t\t\t\t<div class=\"everest-forms\"><div class=\"evf-container layout-two\" id=\"evf-1448\"><form id=\"evf-form-1448\" class=\"everest-form\" data-formid=\"1448\" data-ajax_submission=\"0\" data-keyboard_friendly_form=\"0\" method=\"post\" enctype=\"multipart\/form-data\" action=\"\/site1\/wp-json\/wp\/v2\/pages\/1626\"><div class=\"evf-field-container\"><input type=\"hidden\" id=\"_wpnonce1448\" name=\"_wpnonce1448\" value=\"f52416aae4\" \/><input type=\"hidden\" name=\"_wp_http_referer\" value=\"\/site1\/wp-json\/wp\/v2\/pages\/1626\" \/><div class=\"evf-frontend-row\" data-row=\"row_1\" conditional_rules=\"[]\"><div class=\"evf-frontend-grid evf-grid-1\" data-grid=\"grid_1\"><div id=\"evf-1448-field_fullname-container\" class=\"evf-field evf-field-text form-row validate-required\" data-required-field-message=\"Preenchimento obrigat\u00f3rio.\" data-field-id=\"fullname\"><label class=\"evf-field-label\" for=\"evf-1448-field_fullname\"><span class=\"evf-label\">Nome<\/span> <abbr class=\"required\" title=\"Required\">*<\/abbr><\/label><input type=\"text\" id=\"evf-1448-field_fullname\" class=\"input-text\" name=\"everest_forms[form_fields][fullname]\" required><\/div><div id=\"evf-1448-field_email-container\" class=\"evf-field evf-field-email form-row validate-required validate-email\" data-required-field-message=\"Por favor, Entre com um endere\u00e7o de email v\u00e1lido\" data-field-id=\"email\"><label class=\"evf-field-label\" for=\"evf-1448-field_email\"><span class=\"evf-label\">Email<\/span> <abbr class=\"required\" title=\"Required\">*<\/abbr><\/label><input type=\"email\" id=\"evf-1448-field_email\" class=\"input-text\" name=\"everest_forms[form_fields][email]\" required ><\/div><div id=\"evf-1448-field_subject-container\" class=\"evf-field evf-field-text form-row validate-required\" data-required-field-message=\"Preenchimento obrigat\u00f3rio.\" data-field-id=\"subject\"><label class=\"evf-field-label\" for=\"evf-1448-field_subject\"><span class=\"evf-label\">Assunto<\/span> <abbr class=\"required\" title=\"Required\">*<\/abbr><\/label><input type=\"text\" id=\"evf-1448-field_subject\" class=\"input-text\" name=\"everest_forms[form_fields][subject]\" required><\/div><div id=\"evf-1448-field_message-container\" class=\"evf-field evf-field-textarea form-row\" data-field-id=\"message\"><label class=\"evf-field-label\" for=\"evf-1448-field_message\"><span class=\"evf-label\">Escreva a sua Mensagem<\/span> <\/label><textarea id=\"evf-1448-field_message\" class=\"input-text\" name=\"everest_forms[form_fields][message]\"  ><\/textarea><\/div><\/div><\/div><\/div><div class=\"evf-honeypot-container evf-field-hp\"><label for=\"evf-1448-field-hp\" class=\"evf-field-label\">Message<\/label><input type=\"text\" name=\"everest_forms[hp]\" id=\"evf-1448-field-hp\" class=\"input-text\"><\/div><div class=\"evf-submit-container \" ><input type=\"hidden\" name=\"everest_forms[id]\" value=\"1448\"><input type=\"hidden\" name=\"everest_forms[author]\" value=\"1\"><button type='submit' name='everest_forms[submit]' class='everest-forms-submit-button button evf-submit ' id='evf-submit-1448' value='evf-submit' data-process-text=\"Enviando\u2026\" conditional_rules='&quot;&quot;' conditional_id='evf-submit-1448'  id=\"evf-submit-1448\" aria-live=\"assertive\">Enviar<\/button><\/div><\/form><\/div><!-- .evf-container --><\/div>\t\t\t\t\t\t<\/div>\n\t\t\t\t<\/div>\n\t\t\t\t<\/div>\n\t\t\t\t\t<\/div>\n\t\t\t\t<\/div>\n\t\t\t\t<\/div>\n\t\t","protected":false},"excerpt":{"rendered":"<p>Den\u00fancias de abandono e maus tratos. In at iaculis lorem praesent tempor dictum tellus ut molestie faucibus pretium. Telefone 55-(11) 93450-0142 Endere\u00e7o Estr. das Flores, 29 Jardim Mirador Vargem Grande Paulista &#8211; SP 06730-000 Atendimento Segunda a S\u00e1bado9h &#8211; 17h Domingos &#8211; Fechado Maus-tratos a animais \u00e9 crime no Brasil, previsto na Lei n\u00ba 9.605\/1998. [&hellip;]<\/p>\n","protected":false},"author":1,"featured_media":0,"parent":0,"menu_order":0,"comment_status":"closed","ping_status":"closed","template":"","meta":{"footnotes":""},"class_list":["post-1626","page","type-page","status-publish","hentry"],"blocksy_meta":{"page_title_panel":"","has_hero_section":"disabled","fc2fd2d14c9bab8f4ba2f1d71f6fcd09":"","hero_section":"type-1","hero_elements":[{"id":"custom_title","enabled":true,"heading_tag":"h1","title":"Home"},{"id":"custom_description","enabled":true,"description_visibility":{"desktop":true,"tablet":true,"mobile":false}},{"id":"custom_meta","enabled":false,"meta_elements":[{"id":"author","enabled":true,"label":"By","has_author_avatar":"yes","avatar_size":25},{"id":"post_date","enabled":true,"label":"On","date_format_source":"default","date_format":"M j, Y"},{"id":"updated_date","enabled":false,"label":"On","date_format_source":"default","date_format":"M j, Y"},{"id":"categories","enabled":false,"label":"In","style":"simple"},{"id":"comments","enabled":true}],"page_meta_elements":{"joined":true,"articles_count":true,"comments":true}},{"id":"breadcrumbs","enabled":false}],"2170e7bae4a35074f2598ba846416e29":"","hero_alignment1":"CT_CSS_SKIP_RULE","hero_margin":40,"hero_alignment2":"center","hero_vertical_alignment":"center","56810e4feb2e112cc93a230a9e21cbd2":"","hero_structure":"narrow","e91c3c4bc38ef5ef459ec86d43276726":"","page_title_bg_type":"featured_image","custom_hero_background":{"attachment_id":null},"page_title_image_size":"full","parallax":{"desktop":false,"tablet":false,"mobile":false},"b02c60a8fd56cfdd0d9efb5bb783ca8e":"","hero_height":"250px","pageTitleFont":{"family":"Default","variation":"Default","size":"30px","line-height":"CT_CSS_SKIP_RULE","letter-spacing":"CT_CSS_SKIP_RULE","text-transform":"CT_CSS_SKIP_RULE","text-decoration":"CT_CSS_SKIP_RULE"},"pageTitleFontColor":{"default":{"color":"CT_CSS_SKIP_RULEDEFAULT"}},"pageMetaFont":{"family":"Default","variation":"n6","size":"12px","line-height":"1.3","letter-spacing":"CT_CSS_SKIP_RULE","text-transform":"uppercase","text-decoration":"CT_CSS_SKIP_RULE"},"pageMetaFontColor":{"default":{"color":"CT_CSS_SKIP_RULEDEFAULT"},"hover":{"color":"CT_CSS_SKIP_RULEDEFAULT"}},"page_meta_button_type_font_colors":{"default":{"color":"CT_CSS_SKIP_RULEDEFAULT"},"hover":{"color":"CT_CSS_SKIP_RULEDEFAULT"}},"page_meta_button_type_background_colors":{"default":{"color":"CT_CSS_SKIP_RULEDEFAULT"},"hover":{"color":"CT_CSS_SKIP_RULEDEFAULT"}},"pageExcerptFont":{"family":"Default","variation":"Default","size":"CT_CSS_SKIP_RULE","line-height":"CT_CSS_SKIP_RULE","letter-spacing":"CT_CSS_SKIP_RULE","text-transform":"CT_CSS_SKIP_RULE","text-decoration":"CT_CSS_SKIP_RULE"},"pageExcerptColor":{"default":{"color":"CT_CSS_SKIP_RULEDEFAULT"}},"breadcrumbsFont":{"family":"Default","variation":"Default","size":"CT_CSS_SKIP_RULE","line-height":"CT_CSS_SKIP_RULE","letter-spacing":"CT_CSS_SKIP_RULE","text-transform":"CT_CSS_SKIP_RULE","text-decoration":"CT_CSS_SKIP_RULE"},"breadcrumbsFontColor":{"default":{"color":"CT_CSS_SKIP_RULEDEFAULT"},"initial":{"color":"CT_CSS_SKIP_RULEDEFAULT"},"hover":{"color":"CT_CSS_SKIP_RULEDEFAULT"}},"pageTitleOverlay":{"background_type":"color","background_pattern":"type-1","background_image":{"attachment_id":null,"x":0,"y":0},"gradient":"linear-gradient(135deg,rgba(6,147,227,1) 0%,rgb(155,81,224) 100%)","background_repeat":"repeat","background_size":"auto","background_attachment":"scroll","patternColor":{"default":{"color":"#e5e7ea"}},"overlayColor":{"default":{"color":"CT_CSS_SKIP_RULE"}},"backgroundColor":{"default":{"color":"CT_CSS_SKIP_RULE"}}},"pageTitleBackground":{"background_type":"color","background_pattern":"type-1","background_image":{"attachment_id":null,"x":0,"y":0},"gradient":"linear-gradient(135deg,rgba(6,147,227,1) 0%,rgb(155,81,224) 100%)","background_repeat":"repeat","background_size":"auto","background_attachment":"scroll","patternColor":{"default":{"color":"#e5e7ea"}},"overlayColor":{"default":{"color":"CT_CSS_SKIP_RULE"}},"backgroundColor":{"default":{"color":"var(--theme-palette-color-6)"}}},"pageTitlePadding":{"top":"50px","bottom":"50px","left":"auto","right":"auto","linked":true},"99e67e7125c425ca908127ed97031a55":"","page_structure_type":"default","34c42f317f17a8d786d545fc9b00f0ef":"","content_style_source":"inherit","content_style":"wide","vertical_spacing_source":"custom","content_area_spacing":"none","background":{"background_type":"color","background_pattern":"type-1","background_image":{"attachment_id":null,"x":0,"y":0},"gradient":"linear-gradient(135deg,rgba(6,147,227,1) 0%,rgb(155,81,224) 100%)","background_repeat":"repeat","background_size":"auto","background_attachment":"scroll","patternColor":{"default":{"color":"#e5e7ea"}},"overlayColor":{"default":{"color":"CT_CSS_SKIP_RULE"}},"backgroundColor":{"default":{"color":"CT_CSS_SKIP_RULE"}}},"content_background":{"background_type":"color","background_pattern":"type-1","background_image":{"attachment_id":null,"x":0,"y":0},"gradient":"linear-gradient(135deg,rgba(6,147,227,1) 0%,rgb(155,81,224) 100%)","background_repeat":"repeat","background_size":"auto","background_attachment":"scroll","patternColor":{"default":{"color":"#e5e7ea"}},"overlayColor":{"default":{"color":"CT_CSS_SKIP_RULE"}},"backgroundColor":{"default":{"color":"var(--theme-palette-color-8)"}}},"content_boxed_shadow":{"inherit":false,"blur":18,"spread":-6,"v_offset":12,"h_offset":0,"inset":false,"enable":true,"color":{"color":"rgba(34, 56, 101, 0.04)"}},"content_boxed_border":{"width":1,"style":"none","color":{"color":"rgba(44,62,80,0.2)"}},"content_boxed_radius":{"top":"3px","bottom":"3px","left":"3px","right":"3px","linked":true},"boxed_content_spacing":{"desktop":{"top":"40px","bottom":"40px","left":"40px","right":"40px","linked":true},"tablet":{"top":"35px","bottom":"35px","left":"35px","right":"35px","linked":true},"mobile":{"top":"20px","bottom":"20px","left":"20px","right":"20px","linked":true}},"2d6a6c72961377a9a00484a50d06ca88":"","disable_featured_image":"no","disable_share_box":"no","disable_header":"no","disable_footer":"no","styles_descriptor":{"styles":{"desktop":"","tablet":"","mobile":""},"google_fonts":[],"version":6}},"_links":{"self":[{"href":"https:\/\/alistadesaofrancisco.com.br\/site1\/wp-json\/wp\/v2\/pages\/1626","targetHints":{"allow":["GET"]}}],"collection":[{"href":"https:\/\/alistadesaofrancisco.com.br\/site1\/wp-json\/wp\/v2\/pages"}],"about":[{"href":"https:\/\/alistadesaofrancisco.com.br\/site1\/wp-json\/wp\/v2\/types\/page"}],"author":[{"embeddable":true,"href":"https:\/\/alistadesaofrancisco.com.br\/site1\/wp-json\/wp\/v2\/users\/1"}],"replies":[{"embeddable":true,"href":"https:\/\/alistadesaofrancisco.com.br\/site1\/wp-json\/wp\/v2\/comments?post=1626"}],"version-history":[{"count":16,"href":"https:\/\/alistadesaofrancisco.com.br\/site1\/wp-json\/wp\/v2\/pages\/1626\/revisions"}],"predecessor-version":[{"id":1744,"href":"https:\/\/alistadesaofrancisco.com.br\/site1\/wp-json\/wp\/v2\/pages\/1626\/revisions\/1744"}],"wp:attachment":[{"href":"https:\/\/alistadesaofrancisco.com.br\/site1\/wp-json\/wp\/v2\/media?parent=1626"}],"curies":[{"name":"wp","href":"https:\/\/api.w.org\/{rel}","templated":true}]}}